{"id":78,"date":"2018-07-17T22:17:24","date_gmt":"2018-07-17T22:17:24","guid":{"rendered":"https:\/\/www.adamgolfdesign.com\/history\/"},"modified":"2023-06-28T14:19:00","modified_gmt":"2023-06-28T14:19:00","slug":"history","status":"publish","type":"page","link":"https:\/\/www.adamgolfdesign.com\/fr\/history\/","title":{"rendered":"History"},"content":{"rendered":"<p>L\u2019agence d\u2019architecture Fromanger &amp; Adam fut cr\u00e9e en 1986 avec ses bureaux situ\u00e9s Paris. Pendant les premi\u00e8res ann\u00e9es, l\u2019agence r\u00e9alisa principalement des projets aussi bien pour le public que le priv\u00e9. Ces programmes combinaient la conception des parcours de golf, le suivi de la r\u00e9alisation ainsi que les b\u00e2timents tels que les club-houses.<br \/>\nSuite au succ\u00e8s de ces projets, \u00e0 la fin des ann\u00e9es 80, l\u2019agence fut invit\u00e9e \u00e0 concevoir quelques-uns des plus prestigieux resort et parcours de golfs en Europe qui, jusqu&rsquo;alors, avaient \u00e9t\u00e9 r\u00e9serv\u00e9s uniquement aux agences bas\u00e9es aux Etats Unis. Ces projets de grande envergure, avec des budgets cons\u00e9quents, permirent \u00e0 Fromanger &amp; Adam d\u2019exprimer pleinement leur savoir-faire. Gr\u00e2ce \u00e0 une conception de golf et une m\u00e9thodologie de construction innovante. Ces projets devinrent la r\u00e9f\u00e9rence pour l\u2019industrie golfique en Europe, \u00e9tablissant un nouveau niveau d\u2019excellence dans la conception, r\u00e9alisation et services, et \u00e9tablissant Fromanger &amp; Adam en tant que l&rsquo;un des leaders dans la cr\u00e9ation de parcours de golf en Europe.<br \/>\nLe d\u00e9but des ann\u00e9es 90 fut marqu\u00e9 par un changement dans le march\u00e9 golfique europ\u00e9en, avec beaucoup de projets haut de gamme et de promoteurs faisant faillite. Ceci affecta profond\u00e9ment l\u2019agence, qui d\u00fb s&rsquo;adapter \u00e0 cette nouvelle situation. L\u2019agence fut tr\u00e8s active dans la restructuration de projet existant, en construction ou en faillite, tout en continuant \u00e0 concevoir des nouveaux projets mais \u00e0 une moindre \u00e9chelle plus petite, jusqu&rsquo;au milieu des ann\u00e9es 90.<br \/>\nLe maintien de cette situation a conduit \u00e0 un changement de direction. C\u2019est ainsi qu\u2019en 1995, Mark Adam et Patrick Fomanger ont achet\u00e9 un site d&rsquo;enfouissement abandonn\u00e9 situ\u00e9 \u00e0 12 km \u00e0 l&rsquo;ouest de Paris, \u00e0 proximit\u00e9 de Versailles. Ils ont ensuite commenc\u00e9 la conception du golf et achet\u00e9 des engins pour entreprendre la construction et l&rsquo;entretien du parcours eux-m\u00eames.<br \/>\nEn juillet 2000, les 9 premiers trous furent ouverts, suivi en mai 2004 des neuf derniers. Ensuite, en 2008, les deux associ\u00e9s con\u00e7urent un practice couvert sur deux niveaux. L\u2019arri\u00e8re du practice est en verre offrant \u00e0 la structure, transparence et grande l\u00e9g\u00e8ret\u00e9 donnant ainsi une sensation tr\u00e8s agr\u00e9able et unique. En 2010, ils con\u00e7urent la premi\u00e8re phase du club-house comprenant, l\u2019accueil, le pro-shop, les bureaux, les vestiaires et les salles de conf\u00e9rence. En 2014 la seconde phase du club-house fut termin\u00e9e comprenant le bar, le salon et le restaurant donnant sur une tr\u00e8s grande terrasse qui surplombe le golf.<br \/>\nCr\u00e9er dans sa totalit\u00e9 un tel projet fut une exp\u00e9rience unique. L\u2019agence d\u2019architecture Fromanger &amp; Adam poss\u00e8de aujourd\u2019hui toutes les comp\u00e9tences de la conception, de l\u2019entretien d\u2019un terrain et de la gestion d\u2019un golf dans son int\u00e9gralit\u00e9. Une reconnaissance s\u2019est instaur\u00e9e gr\u00e2ce \u00e0 la r\u00e9alisation du Golf de Saint Marc, apportant une r\u00e9elle fiert\u00e9 d\u2019une telle r\u00e9ussite.<br \/>\nEn novembre 2008, la structure commerciale de l\u2019agence d\u2019architecture fut modifi\u00e9e afin de mieux refl\u00e9ter les diff\u00e9rents r\u00f4les des associ\u00e9s. L&rsquo;intention \u00e9tait d&rsquo;exprimer et de faciliter une approche plus personnelle de chaque associ\u00e9 envers les clients. Cette \u00e9volution a engendr\u00e9 la formation d&rsquo;Adam Golf Design.<\/p>\n","protected":false},"excerpt":{"rendered":"<p>L\u2019agence d\u2019architecture Fromanger &amp; Adam fut cr\u00e9e en 1986 avec ses bureaux situ\u00e9s Paris. Pendant les premi\u00e8res ann\u00e9es, l\u2019agence r\u00e9alisa principalement des projets aussi bien pour le public que le priv\u00e9. Ces programmes combinaient la conception des parcours de golf, le suivi de la r\u00e9alisation ainsi que les b\u00e2timents tels que les club-houses. Suite au [&hellip;]<\/p>\n","protected":false},"author":2,"featured_media":745,"parent":0,"menu_order":0,"comment_status":"closed","ping_status":"closed","template":"page-history.php","meta":{"_acf_changed":false,"footnotes":""},"class_list":["post-78","page","type-page","status-publish","has-post-thumbnail","hentry"],"acf":[],"yoast_head":"<!-- This site is optimized with the Yoast SEO Premium plugin v27.4 (Yoast SEO v27.4) - https:\/\/yoast.com\/product\/yoast-seo-premium-wordpress\/ -->\n<title>Conception de Golf - Adam Golf Design - EIGCA - Histoire<\/title>\n<meta name=\"description\" content=\"Conception de Golf - Adam Golf Design, fut cr\u00e9e en 2008 suite a un changement dans la structure commerciale de l\u2019agence d\u2019architecture Fromanger &amp; Adam.\" \/>\n<meta name=\"robots\" content=\"index, follow, max-snippet:-1, max-image-preview:large, max-video-preview:-1\" \/>\n<link rel=\"canonical\" href=\"https:\/\/www.adamgolfdesign.com\/fr\/history\/\" \/>\n<meta property=\"og:locale\" content=\"fr_FR\" \/>\n<meta property=\"og:type\" content=\"article\" \/>\n<meta property=\"og:title\" content=\"History\" \/>\n<meta property=\"og:description\" content=\"L\u2019agence d\u2019architecture Fromanger &amp; Adam fut cr\u00e9e en 1986 avec ses bureaux situ\u00e9s Paris. Pendant les premi\u00e8res ann\u00e9es, l\u2019agence r\u00e9alisa principalement\" \/>\n<meta property=\"og:url\" content=\"https:\/\/www.adamgolfdesign.com\/fr\/history\/\" \/>\n<meta property=\"og:site_name\" content=\"Adam Golf Design\" \/>\n<meta property=\"article:modified_time\" content=\"2023-06-28T14:19:00+00:00\" \/>\n<meta property=\"og:image\" content=\"https:\/\/www.adamgolfdesign.com\/wp-content\/uploads\/2018\/08\/history27.jpg\" \/>\n\t<meta property=\"og:image:width\" content=\"428\" \/>\n\t<meta property=\"og:image:height\" content=\"972\" \/>\n\t<meta property=\"og:image:type\" content=\"image\/jpeg\" \/>\n<meta name=\"twitter:card\" content=\"summary_large_image\" \/>\n<meta name=\"twitter:label1\" content=\"Dur\u00e9e de lecture estim\u00e9e\" \/>\n\t<meta name=\"twitter:data1\" content=\"3 minutes\" \/>\n<script type=\"application\/ld+json\" class=\"yoast-schema-graph\">{\"@context\":\"https:\\\/\\\/schema.org\",\"@graph\":[{\"@type\":\"WebPage\",\"@id\":\"https:\\\/\\\/www.adamgolfdesign.com\\\/fr\\\/history\\\/\",\"url\":\"https:\\\/\\\/www.adamgolfdesign.com\\\/fr\\\/history\\\/\",\"name\":\"Conception de Golf - Adam Golf Design - EIGCA - Histoire\",\"isPartOf\":{\"@id\":\"https:\\\/\\\/www.adamgolfdesign.com\\\/fr\\\/#website\"},\"primaryImageOfPage\":{\"@id\":\"https:\\\/\\\/www.adamgolfdesign.com\\\/fr\\\/history\\\/#primaryimage\"},\"image\":{\"@id\":\"https:\\\/\\\/www.adamgolfdesign.com\\\/fr\\\/history\\\/#primaryimage\"},\"thumbnailUrl\":\"https:\\\/\\\/www.adamgolfdesign.com\\\/wp-content\\\/uploads\\\/2018\\\/08\\\/history27.jpg\",\"datePublished\":\"2018-07-17T22:17:24+00:00\",\"dateModified\":\"2023-06-28T14:19:00+00:00\",\"description\":\"Conception de Golf - Adam Golf Design, fut cr\u00e9e en 2008 suite a un changement dans la structure commerciale de l\u2019agence d\u2019architecture Fromanger & Adam.\",\"breadcrumb\":{\"@id\":\"https:\\\/\\\/www.adamgolfdesign.com\\\/fr\\\/history\\\/#breadcrumb\"},\"inLanguage\":\"fr-FR\",\"potentialAction\":[{\"@type\":\"ReadAction\",\"target\":[\"https:\\\/\\\/www.adamgolfdesign.com\\\/fr\\\/history\\\/\"]}]},{\"@type\":\"ImageObject\",\"inLanguage\":\"fr-FR\",\"@id\":\"https:\\\/\\\/www.adamgolfdesign.com\\\/fr\\\/history\\\/#primaryimage\",\"url\":\"https:\\\/\\\/www.adamgolfdesign.com\\\/wp-content\\\/uploads\\\/2018\\\/08\\\/history27.jpg\",\"contentUrl\":\"https:\\\/\\\/www.adamgolfdesign.com\\\/wp-content\\\/uploads\\\/2018\\\/08\\\/history27.jpg\",\"width\":428,\"height\":972,\"caption\":\"Golf Course Design by Adam Golf Design - Golf Course Architects - Architectes de Golf - Arquitectos de Cancer de Golf - History - Histoire - Historia.\"},{\"@type\":\"BreadcrumbList\",\"@id\":\"https:\\\/\\\/www.adamgolfdesign.com\\\/fr\\\/history\\\/#breadcrumb\",\"itemListElement\":[{\"@type\":\"ListItem\",\"position\":1,\"name\":\"Home\",\"item\":\"https:\\\/\\\/www.adamgolfdesign.com\\\/fr\\\/\"},{\"@type\":\"ListItem\",\"position\":2,\"name\":\"History\"}]},{\"@type\":\"WebSite\",\"@id\":\"https:\\\/\\\/www.adamgolfdesign.com\\\/fr\\\/#website\",\"url\":\"https:\\\/\\\/www.adamgolfdesign.com\\\/fr\\\/\",\"name\":\"Adam Golf Design\",\"description\":\"Architectes de Golf\",\"publisher\":{\"@id\":\"https:\\\/\\\/www.adamgolfdesign.com\\\/fr\\\/#organization\"},\"potentialAction\":[{\"@type\":\"SearchAction\",\"target\":{\"@type\":\"EntryPoint\",\"urlTemplate\":\"https:\\\/\\\/www.adamgolfdesign.com\\\/fr\\\/?s={search_term_string}\"},\"query-input\":{\"@type\":\"PropertyValueSpecification\",\"valueRequired\":true,\"valueName\":\"search_term_string\"}}],\"inLanguage\":\"fr-FR\"},{\"@type\":\"Organization\",\"@id\":\"https:\\\/\\\/www.adamgolfdesign.com\\\/fr\\\/#organization\",\"name\":\"Adam Golf Design\",\"url\":\"https:\\\/\\\/www.adamgolfdesign.com\\\/fr\\\/\",\"logo\":{\"@type\":\"ImageObject\",\"inLanguage\":\"fr-FR\",\"@id\":\"https:\\\/\\\/www.adamgolfdesign.com\\\/fr\\\/#\\\/schema\\\/logo\\\/image\\\/\",\"url\":\"https:\\\/\\\/www.adamgolfdesign.com\\\/wp-content\\\/uploads\\\/2018\\\/08\\\/cropped-logo_header_en.png\",\"contentUrl\":\"https:\\\/\\\/www.adamgolfdesign.com\\\/wp-content\\\/uploads\\\/2018\\\/08\\\/cropped-logo_header_en.png\",\"width\":512,\"height\":512,\"caption\":\"Adam Golf Design\"},\"image\":{\"@id\":\"https:\\\/\\\/www.adamgolfdesign.com\\\/fr\\\/#\\\/schema\\\/logo\\\/image\\\/\"}}]}<\/script>\n<!-- \/ Yoast SEO Premium plugin. -->","yoast_head_json":{"title":"Conception de Golf - Adam Golf Design - EIGCA - Histoire","description":"Conception de Golf - Adam Golf Design, fut cr\u00e9e en 2008 suite a un changement dans la structure commerciale de l\u2019agence d\u2019architecture Fromanger & Adam.","robots":{"index":"index","follow":"follow","max-snippet":"max-snippet:-1","max-image-preview":"max-image-preview:large","max-video-preview":"max-video-preview:-1"},"canonical":"https:\/\/www.adamgolfdesign.com\/fr\/history\/","og_locale":"fr_FR","og_type":"article","og_title":"History","og_description":"L\u2019agence d\u2019architecture Fromanger &amp; Adam fut cr\u00e9e en 1986 avec ses bureaux situ\u00e9s Paris. Pendant les premi\u00e8res ann\u00e9es, l\u2019agence r\u00e9alisa principalement","og_url":"https:\/\/www.adamgolfdesign.com\/fr\/history\/","og_site_name":"Adam Golf Design","article_modified_time":"2023-06-28T14:19:00+00:00","og_image":[{"width":428,"height":972,"url":"https:\/\/www.adamgolfdesign.com\/wp-content\/uploads\/2018\/08\/history27.jpg","type":"image\/jpeg"}],"twitter_card":"summary_large_image","twitter_misc":{"Dur\u00e9e de lecture estim\u00e9e":"3 minutes"},"schema":{"@context":"https:\/\/schema.org","@graph":[{"@type":"WebPage","@id":"https:\/\/www.adamgolfdesign.com\/fr\/history\/","url":"https:\/\/www.adamgolfdesign.com\/fr\/history\/","name":"Conception de Golf - Adam Golf Design - EIGCA - Histoire","isPartOf":{"@id":"https:\/\/www.adamgolfdesign.com\/fr\/#website"},"primaryImageOfPage":{"@id":"https:\/\/www.adamgolfdesign.com\/fr\/history\/#primaryimage"},"image":{"@id":"https:\/\/www.adamgolfdesign.com\/fr\/history\/#primaryimage"},"thumbnailUrl":"https:\/\/www.adamgolfdesign.com\/wp-content\/uploads\/2018\/08\/history27.jpg","datePublished":"2018-07-17T22:17:24+00:00","dateModified":"2023-06-28T14:19:00+00:00","description":"Conception de Golf - Adam Golf Design, fut cr\u00e9e en 2008 suite a un changement dans la structure commerciale de l\u2019agence d\u2019architecture Fromanger & Adam.","breadcrumb":{"@id":"https:\/\/www.adamgolfdesign.com\/fr\/history\/#breadcrumb"},"inLanguage":"fr-FR","potentialAction":[{"@type":"ReadAction","target":["https:\/\/www.adamgolfdesign.com\/fr\/history\/"]}]},{"@type":"ImageObject","inLanguage":"fr-FR","@id":"https:\/\/www.adamgolfdesign.com\/fr\/history\/#primaryimage","url":"https:\/\/www.adamgolfdesign.com\/wp-content\/uploads\/2018\/08\/history27.jpg","contentUrl":"https:\/\/www.adamgolfdesign.com\/wp-content\/uploads\/2018\/08\/history27.jpg","width":428,"height":972,"caption":"Golf Course Design by Adam Golf Design - Golf Course Architects - Architectes de Golf - Arquitectos de Cancer de Golf - History - Histoire - Historia."},{"@type":"BreadcrumbList","@id":"https:\/\/www.adamgolfdesign.com\/fr\/history\/#breadcrumb","itemListElement":[{"@type":"ListItem","position":1,"name":"Home","item":"https:\/\/www.adamgolfdesign.com\/fr\/"},{"@type":"ListItem","position":2,"name":"History"}]},{"@type":"WebSite","@id":"https:\/\/www.adamgolfdesign.com\/fr\/#website","url":"https:\/\/www.adamgolfdesign.com\/fr\/","name":"Adam Golf Design","description":"Architectes de Golf","publisher":{"@id":"https:\/\/www.adamgolfdesign.com\/fr\/#organization"},"potentialAction":[{"@type":"SearchAction","target":{"@type":"EntryPoint","urlTemplate":"https:\/\/www.adamgolfdesign.com\/fr\/?s={search_term_string}"},"query-input":{"@type":"PropertyValueSpecification","valueRequired":true,"valueName":"search_term_string"}}],"inLanguage":"fr-FR"},{"@type":"Organization","@id":"https:\/\/www.adamgolfdesign.com\/fr\/#organization","name":"Adam Golf Design","url":"https:\/\/www.adamgolfdesign.com\/fr\/","logo":{"@type":"ImageObject","inLanguage":"fr-FR","@id":"https:\/\/www.adamgolfdesign.com\/fr\/#\/schema\/logo\/image\/","url":"https:\/\/www.adamgolfdesign.com\/wp-content\/uploads\/2018\/08\/cropped-logo_header_en.png","contentUrl":"https:\/\/www.adamgolfdesign.com\/wp-content\/uploads\/2018\/08\/cropped-logo_header_en.png","width":512,"height":512,"caption":"Adam Golf Design"},"image":{"@id":"https:\/\/www.adamgolfdesign.com\/fr\/#\/schema\/logo\/image\/"}}]}},"_links":{"self":[{"href":"https:\/\/www.adamgolfdesign.com\/fr\/wp-json\/wp\/v2\/pages\/78","targetHints":{"allow":["GET"]}}],"collection":[{"href":"https:\/\/www.adamgolfdesign.com\/fr\/wp-json\/wp\/v2\/pages"}],"about":[{"href":"https:\/\/www.adamgolfdesign.com\/fr\/wp-json\/wp\/v2\/types\/page"}],"author":[{"embeddable":true,"href":"https:\/\/www.adamgolfdesign.com\/fr\/wp-json\/wp\/v2\/users\/2"}],"replies":[{"embeddable":true,"href":"https:\/\/www.adamgolfdesign.com\/fr\/wp-json\/wp\/v2\/comments?post=78"}],"version-history":[{"count":4,"href":"https:\/\/www.adamgolfdesign.com\/fr\/wp-json\/wp\/v2\/pages\/78\/revisions"}],"predecessor-version":[{"id":1536,"href":"https:\/\/www.adamgolfdesign.com\/fr\/wp-json\/wp\/v2\/pages\/78\/revisions\/1536"}],"wp:featuredmedia":[{"embeddable":true,"href":"https:\/\/www.adamgolfdesign.com\/fr\/wp-json\/wp\/v2\/media\/745"}],"wp:attachment":[{"href":"https:\/\/www.adamgolfdesign.com\/fr\/wp-json\/wp\/v2\/media?parent=78"}],"curies":[{"name":"wp","href":"https:\/\/api.w.org\/{rel}","templated":true}]}}