{"id":88,"date":"2018-07-17T22:16:37","date_gmt":"2018-07-17T22:16:37","guid":{"rendered":"https:\/\/www.adamgolfdesign.com\/home\/"},"modified":"2023-06-25T15:50:48","modified_gmt":"2023-06-25T15:50:48","slug":"home","status":"publish","type":"page","link":"https:\/\/www.adamgolfdesign.com\/fr\/","title":{"rendered":"Home"},"content":{"rendered":"","protected":false},"excerpt":{"rendered":"","protected":false},"author":2,"featured_media":0,"parent":0,"menu_order":0,"comment_status":"closed","ping_status":"closed","template":"home.php","meta":{"_acf_changed":false,"footnotes":""},"class_list":["post-88","page","type-page","status-publish","hentry"],"acf":[],"yoast_head":"<!-- This site is optimized with the Yoast SEO Premium plugin v27.4 (Yoast SEO v27.4) - https:\/\/yoast.com\/product\/yoast-seo-premium-wordpress\/ -->\n<title>Architectes de Golf - Adam Golf Design - EIGCA<\/title>\n<meta name=\"description\" content=\"Architectes de Golf - Adam Golf Design sont sp\u00e9cialis\u00e9s dans la conception et r\u00e9novation de parcours de golf, la gestion et l&#039;entretien de golf.\" \/>\n<meta name=\"robots\" content=\"index, follow, max-snippet:-1, max-image-preview:large, max-video-preview:-1\" \/>\n<link rel=\"canonical\" href=\"https:\/\/www.adamgolfdesign.com\/fr\/\" \/>\n<meta property=\"og:locale\" content=\"fr_FR\" \/>\n<meta property=\"og:type\" content=\"article\" \/>\n<meta property=\"og:title\" content=\"Home\" \/>\n<meta property=\"og:url\" content=\"https:\/\/www.adamgolfdesign.com\/fr\/\" \/>\n<meta property=\"og:site_name\" content=\"Adam Golf Design\" \/>\n<meta property=\"article:modified_time\" content=\"2023-06-25T15:50:48+00:00\" \/>\n<meta name=\"twitter:card\" content=\"summary_large_image\" \/>\n<script type=\"application\/ld+json\" class=\"yoast-schema-graph\">{\"@context\":\"https:\\\/\\\/schema.org\",\"@graph\":[{\"@type\":\"WebPage\",\"@id\":\"https:\\\/\\\/www.adamgolfdesign.com\\\/fr\\\/\",\"url\":\"https:\\\/\\\/www.adamgolfdesign.com\\\/fr\\\/\",\"name\":\"Architectes de Golf - Adam Golf Design - EIGCA\",\"isPartOf\":{\"@id\":\"https:\\\/\\\/www.adamgolfdesign.com\\\/fr\\\/#website\"},\"datePublished\":\"2018-07-17T22:16:37+00:00\",\"dateModified\":\"2023-06-25T15:50:48+00:00\",\"description\":\"Architectes de Golf - Adam Golf Design sont sp\u00e9cialis\u00e9s dans la conception et r\u00e9novation de parcours de golf, la gestion et l'entretien de golf.\",\"breadcrumb\":{\"@id\":\"https:\\\/\\\/www.adamgolfdesign.com\\\/fr\\\/#breadcrumb\"},\"inLanguage\":\"fr-FR\",\"potentialAction\":[{\"@type\":\"ReadAction\",\"target\":[\"https:\\\/\\\/www.adamgolfdesign.com\\\/fr\\\/\"]}]},{\"@type\":\"BreadcrumbList\",\"@id\":\"https:\\\/\\\/www.adamgolfdesign.com\\\/fr\\\/#breadcrumb\",\"itemListElement\":[{\"@type\":\"ListItem\",\"position\":1,\"name\":\"Home\",\"item\":\"https:\\\/\\\/www.adamgolfdesign.com\\\/fr\\\/\"},{\"@type\":\"ListItem\",\"position\":2,\"name\":\"Home\"}]},{\"@type\":\"WebSite\",\"@id\":\"https:\\\/\\\/www.adamgolfdesign.com\\\/fr\\\/#website\",\"url\":\"https:\\\/\\\/www.adamgolfdesign.com\\\/fr\\\/\",\"name\":\"Adam Golf Design\",\"description\":\"Architectes de Golf\",\"publisher\":{\"@id\":\"https:\\\/\\\/www.adamgolfdesign.com\\\/fr\\\/#organization\"},\"potentialAction\":[{\"@type\":\"SearchAction\",\"target\":{\"@type\":\"EntryPoint\",\"urlTemplate\":\"https:\\\/\\\/www.adamgolfdesign.com\\\/fr\\\/?s={search_term_string}\"},\"query-input\":{\"@type\":\"PropertyValueSpecification\",\"valueRequired\":true,\"valueName\":\"search_term_string\"}}],\"inLanguage\":\"fr-FR\"},{\"@type\":\"Organization\",\"@id\":\"https:\\\/\\\/www.adamgolfdesign.com\\\/fr\\\/#organization\",\"name\":\"Adam Golf Design\",\"url\":\"https:\\\/\\\/www.adamgolfdesign.com\\\/fr\\\/\",\"logo\":{\"@type\":\"ImageObject\",\"inLanguage\":\"fr-FR\",\"@id\":\"https:\\\/\\\/www.adamgolfdesign.com\\\/fr\\\/#\\\/schema\\\/logo\\\/image\\\/\",\"url\":\"https:\\\/\\\/www.adamgolfdesign.com\\\/wp-content\\\/uploads\\\/2018\\\/08\\\/cropped-logo_header_en.png\",\"contentUrl\":\"https:\\\/\\\/www.adamgolfdesign.com\\\/wp-content\\\/uploads\\\/2018\\\/08\\\/cropped-logo_header_en.png\",\"width\":512,\"height\":512,\"caption\":\"Adam Golf Design\"},\"image\":{\"@id\":\"https:\\\/\\\/www.adamgolfdesign.com\\\/fr\\\/#\\\/schema\\\/logo\\\/image\\\/\"}}]}<\/script>\n<!-- \/ Yoast SEO Premium plugin. -->","yoast_head_json":{"title":"Architectes de Golf - Adam Golf Design - EIGCA","description":"Architectes de Golf - Adam Golf Design sont sp\u00e9cialis\u00e9s dans la conception et r\u00e9novation de parcours de golf, la gestion et l'entretien de golf.","robots":{"index":"index","follow":"follow","max-snippet":"max-snippet:-1","max-image-preview":"max-image-preview:large","max-video-preview":"max-video-preview:-1"},"canonical":"https:\/\/www.adamgolfdesign.com\/fr\/","og_locale":"fr_FR","og_type":"article","og_title":"Home","og_url":"https:\/\/www.adamgolfdesign.com\/fr\/","og_site_name":"Adam Golf Design","article_modified_time":"2023-06-25T15:50:48+00:00","twitter_card":"summary_large_image","schema":{"@context":"https:\/\/schema.org","@graph":[{"@type":"WebPage","@id":"https:\/\/www.adamgolfdesign.com\/fr\/","url":"https:\/\/www.adamgolfdesign.com\/fr\/","name":"Architectes de Golf - Adam Golf Design - EIGCA","isPartOf":{"@id":"https:\/\/www.adamgolfdesign.com\/fr\/#website"},"datePublished":"2018-07-17T22:16:37+00:00","dateModified":"2023-06-25T15:50:48+00:00","description":"Architectes de Golf - Adam Golf Design sont sp\u00e9cialis\u00e9s dans la conception et r\u00e9novation de parcours de golf, la gestion et l'entretien de golf.","breadcrumb":{"@id":"https:\/\/www.adamgolfdesign.com\/fr\/#breadcrumb"},"inLanguage":"fr-FR","potentialAction":[{"@type":"ReadAction","target":["https:\/\/www.adamgolfdesign.com\/fr\/"]}]},{"@type":"BreadcrumbList","@id":"https:\/\/www.adamgolfdesign.com\/fr\/#breadcrumb","itemListElement":[{"@type":"ListItem","position":1,"name":"Home","item":"https:\/\/www.adamgolfdesign.com\/fr\/"},{"@type":"ListItem","position":2,"name":"Home"}]},{"@type":"WebSite","@id":"https:\/\/www.adamgolfdesign.com\/fr\/#website","url":"https:\/\/www.adamgolfdesign.com\/fr\/","name":"Adam Golf Design","description":"Architectes de Golf","publisher":{"@id":"https:\/\/www.adamgolfdesign.com\/fr\/#organization"},"potentialAction":[{"@type":"SearchAction","target":{"@type":"EntryPoint","urlTemplate":"https:\/\/www.adamgolfdesign.com\/fr\/?s={search_term_string}"},"query-input":{"@type":"PropertyValueSpecification","valueRequired":true,"valueName":"search_term_string"}}],"inLanguage":"fr-FR"},{"@type":"Organization","@id":"https:\/\/www.adamgolfdesign.com\/fr\/#organization","name":"Adam Golf Design","url":"https:\/\/www.adamgolfdesign.com\/fr\/","logo":{"@type":"ImageObject","inLanguage":"fr-FR","@id":"https:\/\/www.adamgolfdesign.com\/fr\/#\/schema\/logo\/image\/","url":"https:\/\/www.adamgolfdesign.com\/wp-content\/uploads\/2018\/08\/cropped-logo_header_en.png","contentUrl":"https:\/\/www.adamgolfdesign.com\/wp-content\/uploads\/2018\/08\/cropped-logo_header_en.png","width":512,"height":512,"caption":"Adam Golf Design"},"image":{"@id":"https:\/\/www.adamgolfdesign.com\/fr\/#\/schema\/logo\/image\/"}}]}},"_links":{"self":[{"href":"https:\/\/www.adamgolfdesign.com\/fr\/wp-json\/wp\/v2\/pages\/88","targetHints":{"allow":["GET"]}}],"collection":[{"href":"https:\/\/www.adamgolfdesign.com\/fr\/wp-json\/wp\/v2\/pages"}],"about":[{"href":"https:\/\/www.adamgolfdesign.com\/fr\/wp-json\/wp\/v2\/types\/page"}],"author":[{"embeddable":true,"href":"https:\/\/www.adamgolfdesign.com\/fr\/wp-json\/wp\/v2\/users\/2"}],"replies":[{"embeddable":true,"href":"https:\/\/www.adamgolfdesign.com\/fr\/wp-json\/wp\/v2\/comments?post=88"}],"version-history":[{"count":5,"href":"https:\/\/www.adamgolfdesign.com\/fr\/wp-json\/wp\/v2\/pages\/88\/revisions"}],"predecessor-version":[{"id":704,"href":"https:\/\/www.adamgolfdesign.com\/fr\/wp-json\/wp\/v2\/pages\/88\/revisions\/704"}],"wp:attachment":[{"href":"https:\/\/www.adamgolfdesign.com\/fr\/wp-json\/wp\/v2\/media?parent=88"}],"curies":[{"name":"wp","href":"https:\/\/api.w.org\/{rel}","templated":true}]}}