{"id":94,"date":"2018-07-17T22:18:17","date_gmt":"2018-07-17T22:18:17","guid":{"rendered":"https:\/\/www.adamgolfdesign.com\/what-we-do\/"},"modified":"2023-06-26T15:11:07","modified_gmt":"2023-06-26T15:11:07","slug":"what-we-do","status":"publish","type":"page","link":"https:\/\/www.adamgolfdesign.com\/fr\/what-we-do\/","title":{"rendered":"What We Do"},"content":{"rendered":"","protected":false},"excerpt":{"rendered":"","protected":false},"author":2,"featured_media":0,"parent":0,"menu_order":0,"comment_status":"closed","ping_status":"closed","template":"page-what-we-do.php","meta":{"_acf_changed":false,"footnotes":""},"class_list":["post-94","page","type-page","status-publish","hentry"],"acf":[],"yoast_head":"<!-- This site is optimized with the Yoast SEO Premium plugin v27.4 (Yoast SEO v27.4) - https:\/\/yoast.com\/product\/yoast-seo-premium-wordpress\/ -->\n<title>Architecture de Golf - Adam Golf Design - Conception Int\u00e9gr\u00e9e<\/title>\n<meta name=\"description\" content=\"Nos activit\u00e9s sont l&#039;architecture de golf - L&#039;entretien et gestion des terrains de golf - Financement et d\u00e9veloppement de golf - L&#039;architecture paysag\u00e8re.\" \/>\n<meta name=\"robots\" content=\"index, follow, max-snippet:-1, max-image-preview:large, max-video-preview:-1\" \/>\n<link rel=\"canonical\" href=\"https:\/\/www.adamgolfdesign.com\/fr\/what-we-do\/\" \/>\n<meta property=\"og:locale\" content=\"fr_FR\" \/>\n<meta property=\"og:type\" content=\"article\" \/>\n<meta property=\"og:title\" content=\"What We Do\" \/>\n<meta property=\"og:url\" content=\"https:\/\/www.adamgolfdesign.com\/fr\/what-we-do\/\" \/>\n<meta property=\"og:site_name\" content=\"Adam Golf Design\" \/>\n<meta property=\"article:modified_time\" content=\"2023-06-26T15:11:07+00:00\" \/>\n<meta name=\"twitter:card\" content=\"summary_large_image\" \/>\n<script type=\"application\/ld+json\" class=\"yoast-schema-graph\">{\"@context\":\"https:\\\/\\\/schema.org\",\"@graph\":[{\"@type\":\"WebPage\",\"@id\":\"https:\\\/\\\/www.adamgolfdesign.com\\\/fr\\\/what-we-do\\\/\",\"url\":\"https:\\\/\\\/www.adamgolfdesign.com\\\/fr\\\/what-we-do\\\/\",\"name\":\"Architecture de Golf - Adam Golf Design - Conception Int\u00e9gr\u00e9e\",\"isPartOf\":{\"@id\":\"https:\\\/\\\/www.adamgolfdesign.com\\\/fr\\\/#website\"},\"datePublished\":\"2018-07-17T22:18:17+00:00\",\"dateModified\":\"2023-06-26T15:11:07+00:00\",\"description\":\"Nos activit\u00e9s sont l'architecture de golf - L'entretien et gestion des terrains de golf - Financement et d\u00e9veloppement de golf - L'architecture paysag\u00e8re.\",\"breadcrumb\":{\"@id\":\"https:\\\/\\\/www.adamgolfdesign.com\\\/fr\\\/what-we-do\\\/#breadcrumb\"},\"inLanguage\":\"fr-FR\",\"potentialAction\":[{\"@type\":\"ReadAction\",\"target\":[\"https:\\\/\\\/www.adamgolfdesign.com\\\/fr\\\/what-we-do\\\/\"]}]},{\"@type\":\"BreadcrumbList\",\"@id\":\"https:\\\/\\\/www.adamgolfdesign.com\\\/fr\\\/what-we-do\\\/#breadcrumb\",\"itemListElement\":[{\"@type\":\"ListItem\",\"position\":1,\"name\":\"Home\",\"item\":\"https:\\\/\\\/www.adamgolfdesign.com\\\/fr\\\/\"},{\"@type\":\"ListItem\",\"position\":2,\"name\":\"What We Do\"}]},{\"@type\":\"WebSite\",\"@id\":\"https:\\\/\\\/www.adamgolfdesign.com\\\/fr\\\/#website\",\"url\":\"https:\\\/\\\/www.adamgolfdesign.com\\\/fr\\\/\",\"name\":\"Adam Golf Design\",\"description\":\"Architectes de Golf\",\"publisher\":{\"@id\":\"https:\\\/\\\/www.adamgolfdesign.com\\\/fr\\\/#organization\"},\"potentialAction\":[{\"@type\":\"SearchAction\",\"target\":{\"@type\":\"EntryPoint\",\"urlTemplate\":\"https:\\\/\\\/www.adamgolfdesign.com\\\/fr\\\/?s={search_term_string}\"},\"query-input\":{\"@type\":\"PropertyValueSpecification\",\"valueRequired\":true,\"valueName\":\"search_term_string\"}}],\"inLanguage\":\"fr-FR\"},{\"@type\":\"Organization\",\"@id\":\"https:\\\/\\\/www.adamgolfdesign.com\\\/fr\\\/#organization\",\"name\":\"Adam Golf Design\",\"url\":\"https:\\\/\\\/www.adamgolfdesign.com\\\/fr\\\/\",\"logo\":{\"@type\":\"ImageObject\",\"inLanguage\":\"fr-FR\",\"@id\":\"https:\\\/\\\/www.adamgolfdesign.com\\\/fr\\\/#\\\/schema\\\/logo\\\/image\\\/\",\"url\":\"https:\\\/\\\/www.adamgolfdesign.com\\\/wp-content\\\/uploads\\\/2018\\\/08\\\/cropped-logo_header_en.png\",\"contentUrl\":\"https:\\\/\\\/www.adamgolfdesign.com\\\/wp-content\\\/uploads\\\/2018\\\/08\\\/cropped-logo_header_en.png\",\"width\":512,\"height\":512,\"caption\":\"Adam Golf Design\"},\"image\":{\"@id\":\"https:\\\/\\\/www.adamgolfdesign.com\\\/fr\\\/#\\\/schema\\\/logo\\\/image\\\/\"}}]}<\/script>\n<!-- \/ Yoast SEO Premium plugin. -->","yoast_head_json":{"title":"Architecture de Golf - Adam Golf Design - Conception Int\u00e9gr\u00e9e","description":"Nos activit\u00e9s sont l'architecture de golf - L'entretien et gestion des terrains de golf - Financement et d\u00e9veloppement de golf - L'architecture paysag\u00e8re.","robots":{"index":"index","follow":"follow","max-snippet":"max-snippet:-1","max-image-preview":"max-image-preview:large","max-video-preview":"max-video-preview:-1"},"canonical":"https:\/\/www.adamgolfdesign.com\/fr\/what-we-do\/","og_locale":"fr_FR","og_type":"article","og_title":"What We Do","og_url":"https:\/\/www.adamgolfdesign.com\/fr\/what-we-do\/","og_site_name":"Adam Golf Design","article_modified_time":"2023-06-26T15:11:07+00:00","twitter_card":"summary_large_image","schema":{"@context":"https:\/\/schema.org","@graph":[{"@type":"WebPage","@id":"https:\/\/www.adamgolfdesign.com\/fr\/what-we-do\/","url":"https:\/\/www.adamgolfdesign.com\/fr\/what-we-do\/","name":"Architecture de Golf - Adam Golf Design - Conception Int\u00e9gr\u00e9e","isPartOf":{"@id":"https:\/\/www.adamgolfdesign.com\/fr\/#website"},"datePublished":"2018-07-17T22:18:17+00:00","dateModified":"2023-06-26T15:11:07+00:00","description":"Nos activit\u00e9s sont l'architecture de golf - L'entretien et gestion des terrains de golf - Financement et d\u00e9veloppement de golf - L'architecture paysag\u00e8re.","breadcrumb":{"@id":"https:\/\/www.adamgolfdesign.com\/fr\/what-we-do\/#breadcrumb"},"inLanguage":"fr-FR","potentialAction":[{"@type":"ReadAction","target":["https:\/\/www.adamgolfdesign.com\/fr\/what-we-do\/"]}]},{"@type":"BreadcrumbList","@id":"https:\/\/www.adamgolfdesign.com\/fr\/what-we-do\/#breadcrumb","itemListElement":[{"@type":"ListItem","position":1,"name":"Home","item":"https:\/\/www.adamgolfdesign.com\/fr\/"},{"@type":"ListItem","position":2,"name":"What We Do"}]},{"@type":"WebSite","@id":"https:\/\/www.adamgolfdesign.com\/fr\/#website","url":"https:\/\/www.adamgolfdesign.com\/fr\/","name":"Adam Golf Design","description":"Architectes de Golf","publisher":{"@id":"https:\/\/www.adamgolfdesign.com\/fr\/#organization"},"potentialAction":[{"@type":"SearchAction","target":{"@type":"EntryPoint","urlTemplate":"https:\/\/www.adamgolfdesign.com\/fr\/?s={search_term_string}"},"query-input":{"@type":"PropertyValueSpecification","valueRequired":true,"valueName":"search_term_string"}}],"inLanguage":"fr-FR"},{"@type":"Organization","@id":"https:\/\/www.adamgolfdesign.com\/fr\/#organization","name":"Adam Golf Design","url":"https:\/\/www.adamgolfdesign.com\/fr\/","logo":{"@type":"ImageObject","inLanguage":"fr-FR","@id":"https:\/\/www.adamgolfdesign.com\/fr\/#\/schema\/logo\/image\/","url":"https:\/\/www.adamgolfdesign.com\/wp-content\/uploads\/2018\/08\/cropped-logo_header_en.png","contentUrl":"https:\/\/www.adamgolfdesign.com\/wp-content\/uploads\/2018\/08\/cropped-logo_header_en.png","width":512,"height":512,"caption":"Adam Golf Design"},"image":{"@id":"https:\/\/www.adamgolfdesign.com\/fr\/#\/schema\/logo\/image\/"}}]}},"_links":{"self":[{"href":"https:\/\/www.adamgolfdesign.com\/fr\/wp-json\/wp\/v2\/pages\/94","targetHints":{"allow":["GET"]}}],"collection":[{"href":"https:\/\/www.adamgolfdesign.com\/fr\/wp-json\/wp\/v2\/pages"}],"about":[{"href":"https:\/\/www.adamgolfdesign.com\/fr\/wp-json\/wp\/v2\/types\/page"}],"author":[{"embeddable":true,"href":"https:\/\/www.adamgolfdesign.com\/fr\/wp-json\/wp\/v2\/users\/2"}],"replies":[{"embeddable":true,"href":"https:\/\/www.adamgolfdesign.com\/fr\/wp-json\/wp\/v2\/comments?post=94"}],"version-history":[{"count":8,"href":"https:\/\/www.adamgolfdesign.com\/fr\/wp-json\/wp\/v2\/pages\/94\/revisions"}],"predecessor-version":[{"id":1400,"href":"https:\/\/www.adamgolfdesign.com\/fr\/wp-json\/wp\/v2\/pages\/94\/revisions\/1400"}],"wp:attachment":[{"href":"https:\/\/www.adamgolfdesign.com\/fr\/wp-json\/wp\/v2\/media?parent=94"}],"curies":[{"name":"wp","href":"https:\/\/api.w.org\/{rel}","templated":true}]}}